{"id":917,"date":"2024-02-09T13:24:37","date_gmt":"2024-02-09T11:24:37","guid":{"rendered":"https:\/\/www.xlsocial.com\/quienes-somos\/"},"modified":"2024-05-06T15:34:24","modified_gmt":"2024-05-06T13:34:24","slug":"quienes-somos","status":"publish","type":"page","link":"https:\/\/www.xlsocial.com\/es\/quienes-somos\/","title":{"rendered":"Qui\u00e9nes somos"},"content":{"rendered":"\t\t<div data-elementor-type=\"wp-page\" data-elementor-id=\"917\" class=\"elementor elementor-917 elementor-46\">\n\t\t\t\t<div class=\"elementor-element elementor-element-7169f82 e-flex e-con-boxed e-con e-parent\" data-id=\"7169f82\" data-element_type=\"container\" data-e-type=\"container\" data-settings=\"{&quot;background_background&quot;:&quot;classic&quot;}\">\n\t\t\t\t\t<div class=\"e-con-inner\">\n\t\t\t\t<div class=\"elementor-element elementor-element-d2661f6 elementor-widget elementor-widget-heading\" data-id=\"d2661f6\" data-element_type=\"widget\" data-e-type=\"widget\" data-widget_type=\"heading.default\">\n\t\t\t\t<div class=\"elementor-widget-container\">\n\t\t\t\t\t<h1 class=\"elementor-heading-title elementor-size-default\">QUI\u00c9NES SOMOS<\/h1>\t\t\t\t<\/div>\n\t\t\t\t<\/div>\n\t\t\t\t<div class=\"elementor-element elementor-element-50417f5 elementor-widget elementor-widget-text-editor\" data-id=\"50417f5\" data-element_type=\"widget\" data-e-type=\"widget\" data-widget_type=\"text-editor.default\">\n\t\t\t\t<div class=\"elementor-widget-container\">\n\t\t\t\t\t\t\t\t\t<p>Programadores con m\u00e1s de 10 a\u00f1os de experiencia<\/p>\n\t\t\t\t\t\t\t\t<\/div>\n\t\t\t\t<\/div>\n\t\t\t\t\t<\/div>\n\t\t\t\t<\/div>\n\t\t<div class=\"elementor-element elementor-element-84fc256 e-flex e-con-boxed e-con e-parent\" data-id=\"84fc256\" data-element_type=\"container\" data-e-type=\"container\">\n\t\t\t\t\t<div class=\"e-con-inner\">\n\t\t<div class=\"elementor-element elementor-element-6437a8e e-con-full e-flex e-con e-child\" data-id=\"6437a8e\" data-element_type=\"container\" data-e-type=\"container\">\n\t\t\t\t<div class=\"elementor-element elementor-element-2872ab0 elementor-widget elementor-widget-heading\" data-id=\"2872ab0\" data-element_type=\"widget\" data-e-type=\"widget\" data-widget_type=\"heading.default\">\n\t\t\t\t<div class=\"elementor-widget-container\">\n\t\t\t\t\t<h2 class=\"elementor-heading-title elementor-size-default\">XL Social: Programaci\u00f3n y mucho m\u00e1s<\/h2>\t\t\t\t<\/div>\n\t\t\t\t<\/div>\n\t\t\t\t<div class=\"elementor-element elementor-element-f9759a4 elementor-widget elementor-widget-text-editor\" data-id=\"f9759a4\" data-element_type=\"widget\" data-e-type=\"widget\" data-widget_type=\"text-editor.default\">\n\t\t\t\t<div class=\"elementor-widget-container\">\n\t\t\t\t\t\t\t\t\t<p><strong>XL Social<\/strong> es una <strong>agencia de programaci\u00f3n<\/strong> especializada en la <strong>programaci\u00f3n web y de aplicaciones<\/strong> de cualquier tipo.<\/p>\n<p>Como empresa inform\u00e1tica estamos en <strong>formaci\u00f3n continua<\/strong> para ofrecer la mejor soluci\u00f3n para cada proyecto.<\/p>\n\t\t\t\t\t\t\t\t<\/div>\n\t\t\t\t<\/div>\n\t\t\t\t<div class=\"elementor-element elementor-element-2279532 elementor-widget elementor-widget-button\" data-id=\"2279532\" data-element_type=\"widget\" data-e-type=\"widget\" data-widget_type=\"button.default\">\n\t\t\t\t<div class=\"elementor-widget-container\">\n\t\t\t\t\t\t\t\t\t<div class=\"elementor-button-wrapper\">\n\t\t\t\t\t<a class=\"elementor-button elementor-button-link elementor-size-sm\" href=\"https:\/\/www.xlsocial.com\/es\/contacto\/\">\n\t\t\t\t\t\t<span class=\"elementor-button-content-wrapper\">\n\t\t\t\t\t\t\t\t\t<span class=\"elementor-button-text\">Contacta con nosotros<\/span>\n\t\t\t\t\t<\/span>\n\t\t\t\t\t<\/a>\n\t\t\t\t<\/div>\n\t\t\t\t\t\t\t\t<\/div>\n\t\t\t\t<\/div>\n\t\t\t\t<\/div>\n\t\t<div class=\"elementor-element elementor-element-d959a27 e-con-full e-flex e-con e-child\" data-id=\"d959a27\" data-element_type=\"container\" data-e-type=\"container\">\n\t\t\t\t<div class=\"elementor-element elementor-element-45f9583 elementor-widget elementor-widget-image\" data-id=\"45f9583\" data-element_type=\"widget\" data-e-type=\"widget\" data-widget_type=\"image.default\">\n\t\t\t\t<div class=\"elementor-widget-container\">\n\t\t\t\t\t\t\t\t\t\t\t\t\t\t\t<img fetchpriority=\"high\" decoding=\"async\" width=\"300\" height=\"329\" src=\"https:\/\/www.xlsocial.com\/wp-content\/uploads\/2024\/02\/xl-social-vertical.png\" class=\"attachment-large size-large wp-image-733\" alt=\"\" srcset=\"https:\/\/www.xlsocial.com\/wp-content\/uploads\/2024\/02\/xl-social-vertical.png 300w, https:\/\/www.xlsocial.com\/wp-content\/uploads\/2024\/02\/xl-social-vertical-274x300.png 274w\" sizes=\"(max-width: 300px) 100vw, 300px\" \/>\t\t\t\t\t\t\t\t\t\t\t\t\t\t\t<\/div>\n\t\t\t\t<\/div>\n\t\t\t\t<\/div>\n\t\t\t\t\t<\/div>\n\t\t\t\t<\/div>\n\t\t<div class=\"elementor-element elementor-element-0339cf5 e-flex e-con-boxed e-con e-parent\" data-id=\"0339cf5\" data-element_type=\"container\" data-e-type=\"container\" data-settings=\"{&quot;background_background&quot;:&quot;classic&quot;}\">\n\t\t\t\t\t<div class=\"e-con-inner\">\n\t\t\t\t<div class=\"elementor-element elementor-element-881689f elementor-widget elementor-widget-heading\" data-id=\"881689f\" data-element_type=\"widget\" data-e-type=\"widget\" data-widget_type=\"heading.default\">\n\t\t\t\t<div class=\"elementor-widget-container\">\n\t\t\t\t\t<h2 class=\"elementor-heading-title elementor-size-default\">Seriedad, experiencia y saber hacer<\/h2>\t\t\t\t<\/div>\n\t\t\t\t<\/div>\n\t\t\t\t<div class=\"elementor-element elementor-element-6857efd elementor-widget elementor-widget-text-editor\" data-id=\"6857efd\" data-element_type=\"widget\" data-e-type=\"widget\" data-widget_type=\"text-editor.default\">\n\t\t\t\t<div class=\"elementor-widget-container\">\n\t\t\t\t\t\t\t\t\t<p>La satisfacci\u00f3n de nuestros clientes es lo importante.<\/p>\n\t\t\t\t\t\t\t\t<\/div>\n\t\t\t\t<\/div>\n\t\t\t\t<div class=\"elementor-element elementor-element-a6d49de elementor-align-center elementor-widget elementor-widget-button\" data-id=\"a6d49de\" data-element_type=\"widget\" data-e-type=\"widget\" data-widget_type=\"button.default\">\n\t\t\t\t<div class=\"elementor-widget-container\">\n\t\t\t\t\t\t\t\t\t<div class=\"elementor-button-wrapper\">\n\t\t\t\t\t<a class=\"elementor-button elementor-button-link elementor-size-sm\" href=\"https:\/\/www.xlsocial.com\/es\/contacto\/\">\n\t\t\t\t\t\t<span class=\"elementor-button-content-wrapper\">\n\t\t\t\t\t\t\t\t\t<span class=\"elementor-button-text\">Contacta con nosotros<\/span>\n\t\t\t\t\t<\/span>\n\t\t\t\t\t<\/a>\n\t\t\t\t<\/div>\n\t\t\t\t\t\t\t\t<\/div>\n\t\t\t\t<\/div>\n\t\t\t\t\t<\/div>\n\t\t\t\t<\/div>\n\t\t<div class=\"elementor-element elementor-element-4a68e21 e-flex e-con-boxed e-con e-parent\" data-id=\"4a68e21\" data-element_type=\"container\" data-e-type=\"container\">\n\t\t\t\t\t<div class=\"e-con-inner\">\n\t\t<div class=\"elementor-element elementor-element-ae7a43d e-con-full e-flex e-con e-child\" data-id=\"ae7a43d\" data-element_type=\"container\" data-e-type=\"container\">\n\t\t\t\t<div class=\"elementor-element elementor-element-62681d0 elementor-widget elementor-widget-heading\" data-id=\"62681d0\" data-element_type=\"widget\" data-e-type=\"widget\" data-widget_type=\"heading.default\">\n\t\t\t\t<div class=\"elementor-widget-container\">\n\t\t\t\t\t<h2 class=\"elementor-heading-title elementor-size-default\">Los or\u00edgenes: redes sociales y campa\u00f1as virales<\/h2>\t\t\t\t<\/div>\n\t\t\t\t<\/div>\n\t\t\t\t<div class=\"elementor-element elementor-element-a029ead elementor-widget elementor-widget-text-editor\" data-id=\"a029ead\" data-element_type=\"widget\" data-e-type=\"widget\" data-widget_type=\"text-editor.default\">\n\t\t\t\t<div class=\"elementor-widget-container\">\n\t\t\t\t\t\t\t\t\t<p>Los or\u00edgenes de nuestra actividad como empresa se remontan al inicio de la <strong>masificaci\u00f3n de las redes sociales<\/strong>. Movidos por la oportunidad creamos un sistema que permit\u00eda realizar <strong>campa\u00f1as publicitarias virales<\/strong> para los futuros clientes de las empresas.<\/p>\n<p>En una p\u00e1gina web propia, <strong>los participantes promocionaban su candidatura a trav\u00e9s de diversas redes sociales<\/strong> para poder ganar un concurso. El propio sistema creaba autom\u00e1ticamente un <strong>ranking provisional<\/strong> con todos los participantes, visible en la misma p\u00e1gina web, donde el ganador era el que ten\u00eda un mayor n\u00famero <strong>de comparticiones en las redes sociales<\/strong>.<\/p>\n<p>Realmente se obten\u00edan <strong>resultados espectaculares<\/strong> a nivel de participaci\u00f3n, viralizaci\u00f3n y visitas en la p\u00e1gina web. En algunos casos, incluso llegando a tener m\u00e1s visitas y visibilidad en buscadores que las p\u00e1ginas de la propia marca.<\/p>\n<p>\u00bfTe parece interesante y crees que podemos ayudarte?<\/p>\n\t\t\t\t\t\t\t\t<\/div>\n\t\t\t\t<\/div>\n\t\t\t\t<div class=\"elementor-element elementor-element-f461c06 elementor-widget elementor-widget-button\" data-id=\"f461c06\" data-element_type=\"widget\" data-e-type=\"widget\" data-widget_type=\"button.default\">\n\t\t\t\t<div class=\"elementor-widget-container\">\n\t\t\t\t\t\t\t\t\t<div class=\"elementor-button-wrapper\">\n\t\t\t\t\t<a class=\"elementor-button elementor-button-link elementor-size-sm\" href=\"https:\/\/www.xlsocial.com\/es\/contacto\/\">\n\t\t\t\t\t\t<span class=\"elementor-button-content-wrapper\">\n\t\t\t\t\t\t\t\t\t<span class=\"elementor-button-text\">Contacta con nosotros<\/span>\n\t\t\t\t\t<\/span>\n\t\t\t\t\t<\/a>\n\t\t\t\t<\/div>\n\t\t\t\t\t\t\t\t<\/div>\n\t\t\t\t<\/div>\n\t\t\t\t<\/div>\n\t\t<div class=\"elementor-element elementor-element-f21f974 e-con-full e-flex e-con e-child\" data-id=\"f21f974\" data-element_type=\"container\" data-e-type=\"container\">\n\t\t\t\t<div class=\"elementor-element elementor-element-a39aaf4 elementor-widget elementor-widget-image\" data-id=\"a39aaf4\" data-element_type=\"widget\" data-e-type=\"widget\" data-widget_type=\"image.default\">\n\t\t\t\t<div class=\"elementor-widget-container\">\n\t\t\t\t\t\t\t\t\t\t\t\t\t\t\t<img decoding=\"async\" width=\"600\" height=\"600\" src=\"https:\/\/www.xlsocial.com\/wp-content\/uploads\/2024\/05\/social-networks.jpg\" class=\"attachment-full size-full wp-image-739\" alt=\"\" srcset=\"https:\/\/www.xlsocial.com\/wp-content\/uploads\/2024\/05\/social-networks.jpg 600w, https:\/\/www.xlsocial.com\/wp-content\/uploads\/2024\/05\/social-networks-300x300.jpg 300w, https:\/\/www.xlsocial.com\/wp-content\/uploads\/2024\/05\/social-networks-150x150.jpg 150w\" sizes=\"(max-width: 600px) 100vw, 600px\" \/>\t\t\t\t\t\t\t\t\t\t\t\t\t\t\t<\/div>\n\t\t\t\t<\/div>\n\t\t\t\t<\/div>\n\t\t\t\t\t<\/div>\n\t\t\t\t<\/div>\n\t\t<div class=\"elementor-element elementor-element-b4c7024 e-flex e-con-boxed e-con e-parent\" data-id=\"b4c7024\" data-element_type=\"container\" data-e-type=\"container\">\n\t\t\t\t\t<div class=\"e-con-inner\">\n\t\t<div class=\"elementor-element elementor-element-3c20717 e-con-full e-flex e-con e-child\" data-id=\"3c20717\" data-element_type=\"container\" data-e-type=\"container\">\n\t\t\t\t<div class=\"elementor-element elementor-element-9e007c2 elementor-widget elementor-widget-heading\" data-id=\"9e007c2\" data-element_type=\"widget\" data-e-type=\"widget\" data-widget_type=\"heading.default\">\n\t\t\t\t<div class=\"elementor-widget-container\">\n\t\t\t\t\t<h2 class=\"elementor-heading-title elementor-size-default\">La actualidad: Programaci\u00f3n y soluciones tecnol\u00f3gicas<\/h2>\t\t\t\t<\/div>\n\t\t\t\t<\/div>\n\t\t\t\t<div class=\"elementor-element elementor-element-4e93a1d elementor-widget elementor-widget-text-editor\" data-id=\"4e93a1d\" data-element_type=\"widget\" data-e-type=\"widget\" data-widget_type=\"text-editor.default\">\n\t\t\t\t<div class=\"elementor-widget-container\">\n\t\t\t\t\t\t\t\t\t<p>Con el paso del tiempo, nuestra actividad ha ido virando hacia la parte m\u00e1s t\u00e9cnica. <strong>Somos Ingenieros en Inform\u00e1tica<\/strong> y queremos aprovecharnos de nuestros conocimientos.<\/p>\n<p><strong>Actualmente ofrecemos servicios de programaci\u00f3n de cualquier tipo<\/strong>, no s\u00f3lo orientados a campa\u00f1as publicitarias y redes sociales. Con los <strong>m\u00e1s de 10 a\u00f1os de experiencia<\/strong> como empresa, hemos realizado proyectos de todo tipo.<\/p>\n<p>\u00bfEst\u00e1s pensando en alg\u00fan proyecto que requiere de programaci\u00f3n?<br \/>\u00a1Seguro que te podemos ayudar!<\/p>\n<p>Contacta con nosotros y <strong>te ayudaremos a hacer de tu idea una realidad<\/strong>.<\/p>\n\t\t\t\t\t\t\t\t<\/div>\n\t\t\t\t<\/div>\n\t\t\t\t<div class=\"elementor-element elementor-element-a8cc1cf elementor-widget elementor-widget-button\" data-id=\"a8cc1cf\" data-element_type=\"widget\" data-e-type=\"widget\" data-widget_type=\"button.default\">\n\t\t\t\t<div class=\"elementor-widget-container\">\n\t\t\t\t\t\t\t\t\t<div class=\"elementor-button-wrapper\">\n\t\t\t\t\t<a class=\"elementor-button elementor-button-link elementor-size-sm\" href=\"https:\/\/www.xlsocial.com\/es\/contacto\/\">\n\t\t\t\t\t\t<span class=\"elementor-button-content-wrapper\">\n\t\t\t\t\t\t\t\t\t<span class=\"elementor-button-text\">Contacta con nosotros<\/span>\n\t\t\t\t\t<\/span>\n\t\t\t\t\t<\/a>\n\t\t\t\t<\/div>\n\t\t\t\t\t\t\t\t<\/div>\n\t\t\t\t<\/div>\n\t\t\t\t<\/div>\n\t\t<div class=\"elementor-element elementor-element-cead125 e-con-full e-flex e-con e-child\" data-id=\"cead125\" data-element_type=\"container\" data-e-type=\"container\">\n\t\t\t\t<div class=\"elementor-element elementor-element-4e67825 elementor-widget elementor-widget-image\" data-id=\"4e67825\" data-element_type=\"widget\" data-e-type=\"widget\" data-widget_type=\"image.default\">\n\t\t\t\t<div class=\"elementor-widget-container\">\n\t\t\t\t\t\t\t\t\t\t\t\t\t\t\t<img decoding=\"async\" width=\"600\" height=\"600\" src=\"https:\/\/www.xlsocial.com\/wp-content\/uploads\/2024\/05\/actualitat-programacio.jpg\" class=\"attachment-full size-full wp-image-740\" alt=\"\" srcset=\"https:\/\/www.xlsocial.com\/wp-content\/uploads\/2024\/05\/actualitat-programacio.jpg 600w, https:\/\/www.xlsocial.com\/wp-content\/uploads\/2024\/05\/actualitat-programacio-300x300.jpg 300w, https:\/\/www.xlsocial.com\/wp-content\/uploads\/2024\/05\/actualitat-programacio-150x150.jpg 150w\" sizes=\"(max-width: 600px) 100vw, 600px\" \/>\t\t\t\t\t\t\t\t\t\t\t\t\t\t\t<\/div>\n\t\t\t\t<\/div>\n\t\t\t\t<\/div>\n\t\t\t\t\t<\/div>\n\t\t\t\t<\/div>\n\t\t\t\t<\/div>\n\t\t","protected":false},"excerpt":{"rendered":"<p>QUI\u00c9NES SOMOS Programadores con m\u00e1s de 10 a\u00f1os de experiencia XL Social: Programaci\u00f3n y mucho m\u00e1s XL Social es una agencia de programaci\u00f3n especializada en la programaci\u00f3n web y de aplicaciones de cualquier tipo. Como empresa inform\u00e1tica estamos en formaci\u00f3n continua para ofrecer la mejor soluci\u00f3n para cada proyecto. Contacta con nosotros Seriedad, experiencia y [&hellip;]<\/p>\n","protected":false},"author":1,"featured_media":0,"parent":0,"menu_order":0,"comment_status":"closed","ping_status":"closed","template":"","meta":{"ocean_post_layout":"full-screen","ocean_both_sidebars_style":"","ocean_both_sidebars_content_width":0,"ocean_both_sidebars_sidebars_width":0,"ocean_sidebar":"","ocean_second_sidebar":"","ocean_disable_margins":"enable","ocean_add_body_class":"","ocean_shortcode_before_top_bar":"","ocean_shortcode_after_top_bar":"","ocean_shortcode_before_header":"","ocean_shortcode_after_header":"","ocean_has_shortcode":"","ocean_shortcode_after_title":"","ocean_shortcode_before_footer_widgets":"","ocean_shortcode_after_footer_widgets":"","ocean_shortcode_before_footer_bottom":"","ocean_shortcode_after_footer_bottom":"","ocean_display_top_bar":"default","ocean_display_header":"default","ocean_header_style":"","ocean_center_header_left_menu":"","ocean_custom_header_template":"","ocean_custom_logo":0,"ocean_custom_retina_logo":0,"ocean_custom_logo_max_width":0,"ocean_custom_logo_tablet_max_width":0,"ocean_custom_logo_mobile_max_width":0,"ocean_custom_logo_max_height":0,"ocean_custom_logo_tablet_max_height":0,"ocean_custom_logo_mobile_max_height":0,"ocean_header_custom_menu":"","ocean_menu_typo_font_family":"","ocean_menu_typo_font_subset":"","ocean_menu_typo_font_size":0,"ocean_menu_typo_font_size_tablet":0,"ocean_menu_typo_font_size_mobile":0,"ocean_menu_typo_font_size_unit":"px","ocean_menu_typo_font_weight":"","ocean_menu_typo_font_weight_tablet":"","ocean_menu_typo_font_weight_mobile":"","ocean_menu_typo_transform":"","ocean_menu_typo_transform_tablet":"","ocean_menu_typo_transform_mobile":"","ocean_menu_typo_line_height":0,"ocean_menu_typo_line_height_tablet":0,"ocean_menu_typo_line_height_mobile":0,"ocean_menu_typo_line_height_unit":"","ocean_menu_typo_spacing":0,"ocean_menu_typo_spacing_tablet":0,"ocean_menu_typo_spacing_mobile":0,"ocean_menu_typo_spacing_unit":"","ocean_menu_link_color":"","ocean_menu_link_color_hover":"","ocean_menu_link_color_active":"","ocean_menu_link_background":"","ocean_menu_link_hover_background":"","ocean_menu_link_active_background":"","ocean_menu_social_links_bg":"","ocean_menu_social_hover_links_bg":"","ocean_menu_social_links_color":"","ocean_menu_social_hover_links_color":"","ocean_disable_title":"on","ocean_disable_heading":"default","ocean_post_title":"","ocean_post_subheading":"","ocean_post_title_style":"","ocean_post_title_background_color":"","ocean_post_title_background":0,"ocean_post_title_bg_image_position":"","ocean_post_title_bg_image_attachment":"","ocean_post_title_bg_image_repeat":"","ocean_post_title_bg_image_size":"","ocean_post_title_height":0,"ocean_post_title_bg_overlay":0.5,"ocean_post_title_bg_overlay_color":"","ocean_disable_breadcrumbs":"default","ocean_breadcrumbs_color":"","ocean_breadcrumbs_separator_color":"","ocean_breadcrumbs_links_color":"","ocean_breadcrumbs_links_hover_color":"","ocean_display_footer_widgets":"default","ocean_display_footer_bottom":"default","ocean_custom_footer_template":"","footnotes":""},"class_list":["post-917","page","type-page","status-publish","hentry","entry"],"yoast_head":"<!-- This site is optimized with the Yoast SEO plugin v27.5 - https:\/\/yoast.com\/product\/yoast-seo-wordpress\/ -->\n<title>Qui\u00e9nes somos - XL Social<\/title>\n<meta name=\"description\" content=\"XL Social es una agencia de programaci\u00f3n especializada en la programaci\u00f3n web y de aplicaciones de todo tipo.\" \/>\n<meta name=\"robots\" content=\"index, follow, max-snippet:-1, max-image-preview:large, max-video-preview:-1\" \/>\n<link rel=\"canonical\" href=\"https:\/\/www.xlsocial.com\/es\/quienes-somos\/\" \/>\n<meta property=\"og:locale\" content=\"es_ES\" \/>\n<meta property=\"og:type\" content=\"article\" \/>\n<meta property=\"og:title\" content=\"Qui\u00e9nes somos - XL Social\" \/>\n<meta property=\"og:description\" content=\"XL Social es una agencia de programaci\u00f3n especializada en la programaci\u00f3n web y de aplicaciones de todo tipo.\" \/>\n<meta property=\"og:url\" content=\"https:\/\/www.xlsocial.com\/es\/quienes-somos\/\" \/>\n<meta property=\"og:site_name\" content=\"XL Social\" \/>\n<meta property=\"article:modified_time\" content=\"2024-05-06T13:34:24+00:00\" \/>\n<meta property=\"og:image\" content=\"https:\/\/www.xlsocial.com\/wp-content\/uploads\/2024\/02\/xl-social-vertical.png\" \/>\n<meta name=\"twitter:card\" content=\"summary_large_image\" \/>\n<meta name=\"twitter:label1\" content=\"Tiempo de lectura\" \/>\n\t<meta name=\"twitter:data1\" content=\"2 minutos\" \/>\n<script type=\"application\/ld+json\" class=\"yoast-schema-graph\">{\"@context\":\"https:\\\/\\\/schema.org\",\"@graph\":[{\"@type\":\"WebPage\",\"@id\":\"https:\\\/\\\/www.xlsocial.com\\\/es\\\/quienes-somos\\\/\",\"url\":\"https:\\\/\\\/www.xlsocial.com\\\/es\\\/quienes-somos\\\/\",\"name\":\"Qui\u00e9nes somos - XL Social\",\"isPartOf\":{\"@id\":\"https:\\\/\\\/www.xlsocial.com\\\/es\\\/#website\"},\"primaryImageOfPage\":{\"@id\":\"https:\\\/\\\/www.xlsocial.com\\\/es\\\/quienes-somos\\\/#primaryimage\"},\"image\":{\"@id\":\"https:\\\/\\\/www.xlsocial.com\\\/es\\\/quienes-somos\\\/#primaryimage\"},\"thumbnailUrl\":\"https:\\\/\\\/www.xlsocial.com\\\/wp-content\\\/uploads\\\/2024\\\/02\\\/xl-social-vertical.png\",\"datePublished\":\"2024-02-09T11:24:37+00:00\",\"dateModified\":\"2024-05-06T13:34:24+00:00\",\"description\":\"XL Social es una agencia de programaci\u00f3n especializada en la programaci\u00f3n web y de aplicaciones de todo tipo.\",\"breadcrumb\":{\"@id\":\"https:\\\/\\\/www.xlsocial.com\\\/es\\\/quienes-somos\\\/#breadcrumb\"},\"inLanguage\":\"es\",\"potentialAction\":[{\"@type\":\"ReadAction\",\"target\":[\"https:\\\/\\\/www.xlsocial.com\\\/es\\\/quienes-somos\\\/\"]}]},{\"@type\":\"ImageObject\",\"inLanguage\":\"es\",\"@id\":\"https:\\\/\\\/www.xlsocial.com\\\/es\\\/quienes-somos\\\/#primaryimage\",\"url\":\"https:\\\/\\\/www.xlsocial.com\\\/wp-content\\\/uploads\\\/2024\\\/02\\\/xl-social-vertical.png\",\"contentUrl\":\"https:\\\/\\\/www.xlsocial.com\\\/wp-content\\\/uploads\\\/2024\\\/02\\\/xl-social-vertical.png\"},{\"@type\":\"BreadcrumbList\",\"@id\":\"https:\\\/\\\/www.xlsocial.com\\\/es\\\/quienes-somos\\\/#breadcrumb\",\"itemListElement\":[{\"@type\":\"ListItem\",\"position\":1,\"name\":\"Inici\",\"item\":\"https:\\\/\\\/www.xlsocial.com\\\/es\\\/inicio\\\/\"},{\"@type\":\"ListItem\",\"position\":2,\"name\":\"Qui\u00e9nes somos\"}]},{\"@type\":\"WebSite\",\"@id\":\"https:\\\/\\\/www.xlsocial.com\\\/es\\\/#website\",\"url\":\"https:\\\/\\\/www.xlsocial.com\\\/es\\\/\",\"name\":\"XL Social\",\"description\":\"XL Social\",\"publisher\":{\"@id\":\"https:\\\/\\\/www.xlsocial.com\\\/es\\\/#organization\"},\"potentialAction\":[{\"@type\":\"SearchAction\",\"target\":{\"@type\":\"EntryPoint\",\"urlTemplate\":\"https:\\\/\\\/www.xlsocial.com\\\/es\\\/?s={search_term_string}\"},\"query-input\":{\"@type\":\"PropertyValueSpecification\",\"valueRequired\":true,\"valueName\":\"search_term_string\"}}],\"inLanguage\":\"es\"},{\"@type\":\"Organization\",\"@id\":\"https:\\\/\\\/www.xlsocial.com\\\/es\\\/#organization\",\"name\":\"XL Social\",\"url\":\"https:\\\/\\\/www.xlsocial.com\\\/es\\\/\",\"logo\":{\"@type\":\"ImageObject\",\"inLanguage\":\"es\",\"@id\":\"https:\\\/\\\/www.xlsocial.com\\\/es\\\/#\\\/schema\\\/logo\\\/image\\\/\",\"url\":\"https:\\\/\\\/www.xlsocial.com\\\/wp-content\\\/uploads\\\/2024\\\/02\\\/xl-social-vertical.png\",\"contentUrl\":\"https:\\\/\\\/www.xlsocial.com\\\/wp-content\\\/uploads\\\/2024\\\/02\\\/xl-social-vertical.png\",\"width\":300,\"height\":329,\"caption\":\"XL Social\"},\"image\":{\"@id\":\"https:\\\/\\\/www.xlsocial.com\\\/es\\\/#\\\/schema\\\/logo\\\/image\\\/\"}}]}<\/script>\n<!-- \/ Yoast SEO plugin. -->","yoast_head_json":{"title":"Qui\u00e9nes somos - XL Social","description":"XL Social es una agencia de programaci\u00f3n especializada en la programaci\u00f3n web y de aplicaciones de todo tipo.","robots":{"index":"index","follow":"follow","max-snippet":"max-snippet:-1","max-image-preview":"max-image-preview:large","max-video-preview":"max-video-preview:-1"},"canonical":"https:\/\/www.xlsocial.com\/es\/quienes-somos\/","og_locale":"es_ES","og_type":"article","og_title":"Qui\u00e9nes somos - XL Social","og_description":"XL Social es una agencia de programaci\u00f3n especializada en la programaci\u00f3n web y de aplicaciones de todo tipo.","og_url":"https:\/\/www.xlsocial.com\/es\/quienes-somos\/","og_site_name":"XL Social","article_modified_time":"2024-05-06T13:34:24+00:00","og_image":[{"url":"https:\/\/www.xlsocial.com\/wp-content\/uploads\/2024\/02\/xl-social-vertical.png","type":"","width":"","height":""}],"twitter_card":"summary_large_image","twitter_misc":{"Tiempo de lectura":"2 minutos"},"schema":{"@context":"https:\/\/schema.org","@graph":[{"@type":"WebPage","@id":"https:\/\/www.xlsocial.com\/es\/quienes-somos\/","url":"https:\/\/www.xlsocial.com\/es\/quienes-somos\/","name":"Qui\u00e9nes somos - XL Social","isPartOf":{"@id":"https:\/\/www.xlsocial.com\/es\/#website"},"primaryImageOfPage":{"@id":"https:\/\/www.xlsocial.com\/es\/quienes-somos\/#primaryimage"},"image":{"@id":"https:\/\/www.xlsocial.com\/es\/quienes-somos\/#primaryimage"},"thumbnailUrl":"https:\/\/www.xlsocial.com\/wp-content\/uploads\/2024\/02\/xl-social-vertical.png","datePublished":"2024-02-09T11:24:37+00:00","dateModified":"2024-05-06T13:34:24+00:00","description":"XL Social es una agencia de programaci\u00f3n especializada en la programaci\u00f3n web y de aplicaciones de todo tipo.","breadcrumb":{"@id":"https:\/\/www.xlsocial.com\/es\/quienes-somos\/#breadcrumb"},"inLanguage":"es","potentialAction":[{"@type":"ReadAction","target":["https:\/\/www.xlsocial.com\/es\/quienes-somos\/"]}]},{"@type":"ImageObject","inLanguage":"es","@id":"https:\/\/www.xlsocial.com\/es\/quienes-somos\/#primaryimage","url":"https:\/\/www.xlsocial.com\/wp-content\/uploads\/2024\/02\/xl-social-vertical.png","contentUrl":"https:\/\/www.xlsocial.com\/wp-content\/uploads\/2024\/02\/xl-social-vertical.png"},{"@type":"BreadcrumbList","@id":"https:\/\/www.xlsocial.com\/es\/quienes-somos\/#breadcrumb","itemListElement":[{"@type":"ListItem","position":1,"name":"Inici","item":"https:\/\/www.xlsocial.com\/es\/inicio\/"},{"@type":"ListItem","position":2,"name":"Qui\u00e9nes somos"}]},{"@type":"WebSite","@id":"https:\/\/www.xlsocial.com\/es\/#website","url":"https:\/\/www.xlsocial.com\/es\/","name":"XL Social","description":"XL Social","publisher":{"@id":"https:\/\/www.xlsocial.com\/es\/#organization"},"potentialAction":[{"@type":"SearchAction","target":{"@type":"EntryPoint","urlTemplate":"https:\/\/www.xlsocial.com\/es\/?s={search_term_string}"},"query-input":{"@type":"PropertyValueSpecification","valueRequired":true,"valueName":"search_term_string"}}],"inLanguage":"es"},{"@type":"Organization","@id":"https:\/\/www.xlsocial.com\/es\/#organization","name":"XL Social","url":"https:\/\/www.xlsocial.com\/es\/","logo":{"@type":"ImageObject","inLanguage":"es","@id":"https:\/\/www.xlsocial.com\/es\/#\/schema\/logo\/image\/","url":"https:\/\/www.xlsocial.com\/wp-content\/uploads\/2024\/02\/xl-social-vertical.png","contentUrl":"https:\/\/www.xlsocial.com\/wp-content\/uploads\/2024\/02\/xl-social-vertical.png","width":300,"height":329,"caption":"XL Social"},"image":{"@id":"https:\/\/www.xlsocial.com\/es\/#\/schema\/logo\/image\/"}}]}},"_links":{"self":[{"href":"https:\/\/www.xlsocial.com\/es\/wp-json\/wp\/v2\/pages\/917","targetHints":{"allow":["GET"]}}],"collection":[{"href":"https:\/\/www.xlsocial.com\/es\/wp-json\/wp\/v2\/pages"}],"about":[{"href":"https:\/\/www.xlsocial.com\/es\/wp-json\/wp\/v2\/types\/page"}],"author":[{"embeddable":true,"href":"https:\/\/www.xlsocial.com\/es\/wp-json\/wp\/v2\/users\/1"}],"replies":[{"embeddable":true,"href":"https:\/\/www.xlsocial.com\/es\/wp-json\/wp\/v2\/comments?post=917"}],"version-history":[{"count":3,"href":"https:\/\/www.xlsocial.com\/es\/wp-json\/wp\/v2\/pages\/917\/revisions"}],"predecessor-version":[{"id":920,"href":"https:\/\/www.xlsocial.com\/es\/wp-json\/wp\/v2\/pages\/917\/revisions\/920"}],"wp:attachment":[{"href":"https:\/\/www.xlsocial.com\/es\/wp-json\/wp\/v2\/media?parent=917"}],"curies":[{"name":"wp","href":"https:\/\/api.w.org\/{rel}","templated":true}]}}