{"id":755,"date":"2024-01-31T14:03:09","date_gmt":"2024-01-31T12:03:09","guid":{"rendered":"https:\/\/www.xlsocial.com\/politica-de-cookies\/"},"modified":"2024-05-06T23:13:34","modified_gmt":"2024-05-06T21:13:34","slug":"politica-de-cookies","status":"publish","type":"page","link":"https:\/\/www.xlsocial.com\/es\/politica-de-cookies\/","title":{"rendered":"Pol\u00edtica de Cookies"},"content":{"rendered":"\n<p>Con el objetivo de no tener que molestarte con ventanas emergentes, la p\u00e1gina web https:\/\/www.xlsocial.com\/ <strong>no utiliza cookies<\/strong> para recoger informaci\u00f3n de las personas usuarias. \u00danicamente, cuando es imprescindible, se utilizan cookies propias, de sesi\u00f3n y con finalidad t\u00e9cnica (aquellas que permiten a la persona usuaria la navegaci\u00f3n a trav\u00e9s del sitio web y la utilizaci\u00f3n de las diferentes opciones y servicios que en ella existen).<\/p>\n\n\n\n<p>En concreto utilitzamos las siguientes cookies t\u00e9cnicas:<\/p>\n\n\n\n<ul class=\"wp-block-list\">\n<li>wp-wpml_current_language: propia, guarda las preferencias del idioma de navegaci\u00f3n.<\/li>\n\n\n\n<li>_GRECAPTCHA: externa, se utiliza para prevenir el env\u00edo de spam a trav\u00e9s del formulario de contacto.<\/li>\n<\/ul>\n\n\n\n<p>La p\u00e1gina web de XL Social puede contener enlaces a sitios web de terceros, cuyas pol\u00edticas de privacidad son ajenas a la de XL Social. Al acceder a tales sitios web usted puede decidir si acepta sus pol\u00edticas de privacidad y de cookies. Con car\u00e1cter general, si navega por internet usted puede aceptar o rechazar las cookies de terceros desde las opciones de configuraci\u00f3n de su navegador.<\/p>\n\n\n\n<p><\/p>\n","protected":false},"excerpt":{"rendered":"<p>Con el objetivo de no tener que molestarte con ventanas emergentes, la p\u00e1gina web https:\/\/www.xlsocial.com\/ no utiliza cookies para recoger informaci\u00f3n de las personas usuarias. \u00danicamente, cuando es imprescindible, se utilizan cookies propias, de sesi\u00f3n y con finalidad t\u00e9cnica (aquellas que permiten a la persona usuaria la navegaci\u00f3n a trav\u00e9s del sitio web y la [&hellip;]<\/p>\n","protected":false},"author":1,"featured_media":0,"parent":0,"menu_order":0,"comment_status":"closed","ping_status":"closed","template":"","meta":{"ocean_post_layout":"","ocean_both_sidebars_style":"","ocean_both_sidebars_content_width":0,"ocean_both_sidebars_sidebars_width":0,"ocean_sidebar":"","ocean_second_sidebar":"","ocean_disable_margins":"enable","ocean_add_body_class":"","ocean_shortcode_before_top_bar":"","ocean_shortcode_after_top_bar":"","ocean_shortcode_before_header":"","ocean_shortcode_after_header":"","ocean_has_shortcode":"","ocean_shortcode_after_title":"","ocean_shortcode_before_footer_widgets":"","ocean_shortcode_after_footer_widgets":"","ocean_shortcode_before_footer_bottom":"","ocean_shortcode_after_footer_bottom":"","ocean_display_top_bar":"default","ocean_display_header":"default","ocean_header_style":"","ocean_center_header_left_menu":"","ocean_custom_header_template":"","ocean_custom_logo":0,"ocean_custom_retina_logo":0,"ocean_custom_logo_max_width":0,"ocean_custom_logo_tablet_max_width":0,"ocean_custom_logo_mobile_max_width":0,"ocean_custom_logo_max_height":0,"ocean_custom_logo_tablet_max_height":0,"ocean_custom_logo_mobile_max_height":0,"ocean_header_custom_menu":"","ocean_menu_typo_font_family":"","ocean_menu_typo_font_subset":"","ocean_menu_typo_font_size":0,"ocean_menu_typo_font_size_tablet":0,"ocean_menu_typo_font_size_mobile":0,"ocean_menu_typo_font_size_unit":"px","ocean_menu_typo_font_weight":"","ocean_menu_typo_font_weight_tablet":"","ocean_menu_typo_font_weight_mobile":"","ocean_menu_typo_transform":"","ocean_menu_typo_transform_tablet":"","ocean_menu_typo_transform_mobile":"","ocean_menu_typo_line_height":0,"ocean_menu_typo_line_height_tablet":0,"ocean_menu_typo_line_height_mobile":0,"ocean_menu_typo_line_height_unit":"","ocean_menu_typo_spacing":0,"ocean_menu_typo_spacing_tablet":0,"ocean_menu_typo_spacing_mobile":0,"ocean_menu_typo_spacing_unit":"","ocean_menu_link_color":"","ocean_menu_link_color_hover":"","ocean_menu_link_color_active":"","ocean_menu_link_background":"","ocean_menu_link_hover_background":"","ocean_menu_link_active_background":"","ocean_menu_social_links_bg":"","ocean_menu_social_hover_links_bg":"","ocean_menu_social_links_color":"","ocean_menu_social_hover_links_color":"","ocean_disable_title":"default","ocean_disable_heading":"default","ocean_post_title":"","ocean_post_subheading":"","ocean_post_title_style":"","ocean_post_title_background_color":"","ocean_post_title_background":0,"ocean_post_title_bg_image_position":"","ocean_post_title_bg_image_attachment":"","ocean_post_title_bg_image_repeat":"","ocean_post_title_bg_image_size":"","ocean_post_title_height":0,"ocean_post_title_bg_overlay":0.5,"ocean_post_title_bg_overlay_color":"","ocean_disable_breadcrumbs":"default","ocean_breadcrumbs_color":"","ocean_breadcrumbs_separator_color":"","ocean_breadcrumbs_links_color":"","ocean_breadcrumbs_links_hover_color":"","ocean_display_footer_widgets":"default","ocean_display_footer_bottom":"default","ocean_custom_footer_template":"","footnotes":""},"class_list":["post-755","page","type-page","status-publish","hentry","entry"],"yoast_head":"<!-- This site is optimized with the Yoast SEO plugin v27.5 - https:\/\/yoast.com\/product\/yoast-seo-wordpress\/ -->\n<title>Pol\u00edtica de Cookies - XL Social<\/title>\n<meta name=\"robots\" content=\"noindex, nofollow\" \/>\n<meta property=\"og:locale\" content=\"es_ES\" \/>\n<meta property=\"og:type\" content=\"article\" \/>\n<meta property=\"og:title\" content=\"Pol\u00edtica de Cookies - XL Social\" \/>\n<meta property=\"og:description\" content=\"Con el objetivo de no tener que molestarte con ventanas emergentes, la p\u00e1gina web https:\/\/www.xlsocial.com\/ no utiliza cookies para recoger informaci\u00f3n de las personas usuarias. \u00danicamente, cuando es imprescindible, se utilizan cookies propias, de sesi\u00f3n y con finalidad t\u00e9cnica (aquellas que permiten a la persona usuaria la navegaci\u00f3n a trav\u00e9s del sitio web y la [&hellip;]\" \/>\n<meta property=\"og:url\" content=\"https:\/\/www.xlsocial.com\/es\/politica-de-cookies\/\" \/>\n<meta property=\"og:site_name\" content=\"XL Social\" \/>\n<meta property=\"article:modified_time\" content=\"2024-05-06T21:13:34+00:00\" \/>\n<meta name=\"twitter:card\" content=\"summary_large_image\" \/>\n<meta name=\"twitter:label1\" content=\"Tiempo de lectura\" \/>\n\t<meta name=\"twitter:data1\" content=\"1 minuto\" \/>\n<script type=\"application\/ld+json\" class=\"yoast-schema-graph\">{\"@context\":\"https:\\\/\\\/schema.org\",\"@graph\":[{\"@type\":\"WebPage\",\"@id\":\"https:\\\/\\\/www.xlsocial.com\\\/es\\\/politica-de-cookies\\\/\",\"url\":\"https:\\\/\\\/www.xlsocial.com\\\/es\\\/politica-de-cookies\\\/\",\"name\":\"Pol\u00edtica de Cookies - XL Social\",\"isPartOf\":{\"@id\":\"https:\\\/\\\/www.xlsocial.com\\\/es\\\/#website\"},\"datePublished\":\"2024-01-31T12:03:09+00:00\",\"dateModified\":\"2024-05-06T21:13:34+00:00\",\"breadcrumb\":{\"@id\":\"https:\\\/\\\/www.xlsocial.com\\\/es\\\/politica-de-cookies\\\/#breadcrumb\"},\"inLanguage\":\"es\",\"potentialAction\":[{\"@type\":\"ReadAction\",\"target\":[\"https:\\\/\\\/www.xlsocial.com\\\/es\\\/politica-de-cookies\\\/\"]}]},{\"@type\":\"BreadcrumbList\",\"@id\":\"https:\\\/\\\/www.xlsocial.com\\\/es\\\/politica-de-cookies\\\/#breadcrumb\",\"itemListElement\":[{\"@type\":\"ListItem\",\"position\":1,\"name\":\"Inici\",\"item\":\"https:\\\/\\\/www.xlsocial.com\\\/es\\\/inicio\\\/\"},{\"@type\":\"ListItem\",\"position\":2,\"name\":\"Pol\u00edtica de Cookies\"}]},{\"@type\":\"WebSite\",\"@id\":\"https:\\\/\\\/www.xlsocial.com\\\/es\\\/#website\",\"url\":\"https:\\\/\\\/www.xlsocial.com\\\/es\\\/\",\"name\":\"XL Social\",\"description\":\"XL Social\",\"publisher\":{\"@id\":\"https:\\\/\\\/www.xlsocial.com\\\/es\\\/#organization\"},\"potentialAction\":[{\"@type\":\"SearchAction\",\"target\":{\"@type\":\"EntryPoint\",\"urlTemplate\":\"https:\\\/\\\/www.xlsocial.com\\\/es\\\/?s={search_term_string}\"},\"query-input\":{\"@type\":\"PropertyValueSpecification\",\"valueRequired\":true,\"valueName\":\"search_term_string\"}}],\"inLanguage\":\"es\"},{\"@type\":\"Organization\",\"@id\":\"https:\\\/\\\/www.xlsocial.com\\\/es\\\/#organization\",\"name\":\"XL Social\",\"url\":\"https:\\\/\\\/www.xlsocial.com\\\/es\\\/\",\"logo\":{\"@type\":\"ImageObject\",\"inLanguage\":\"es\",\"@id\":\"https:\\\/\\\/www.xlsocial.com\\\/es\\\/#\\\/schema\\\/logo\\\/image\\\/\",\"url\":\"https:\\\/\\\/www.xlsocial.com\\\/wp-content\\\/uploads\\\/2024\\\/02\\\/xl-social-vertical.png\",\"contentUrl\":\"https:\\\/\\\/www.xlsocial.com\\\/wp-content\\\/uploads\\\/2024\\\/02\\\/xl-social-vertical.png\",\"width\":300,\"height\":329,\"caption\":\"XL Social\"},\"image\":{\"@id\":\"https:\\\/\\\/www.xlsocial.com\\\/es\\\/#\\\/schema\\\/logo\\\/image\\\/\"}}]}<\/script>\n<!-- \/ Yoast SEO plugin. -->","yoast_head_json":{"title":"Pol\u00edtica de Cookies - XL Social","robots":{"index":"noindex","follow":"nofollow"},"og_locale":"es_ES","og_type":"article","og_title":"Pol\u00edtica de Cookies - XL Social","og_description":"Con el objetivo de no tener que molestarte con ventanas emergentes, la p\u00e1gina web https:\/\/www.xlsocial.com\/ no utiliza cookies para recoger informaci\u00f3n de las personas usuarias. \u00danicamente, cuando es imprescindible, se utilizan cookies propias, de sesi\u00f3n y con finalidad t\u00e9cnica (aquellas que permiten a la persona usuaria la navegaci\u00f3n a trav\u00e9s del sitio web y la [&hellip;]","og_url":"https:\/\/www.xlsocial.com\/es\/politica-de-cookies\/","og_site_name":"XL Social","article_modified_time":"2024-05-06T21:13:34+00:00","twitter_card":"summary_large_image","twitter_misc":{"Tiempo de lectura":"1 minuto"},"schema":{"@context":"https:\/\/schema.org","@graph":[{"@type":"WebPage","@id":"https:\/\/www.xlsocial.com\/es\/politica-de-cookies\/","url":"https:\/\/www.xlsocial.com\/es\/politica-de-cookies\/","name":"Pol\u00edtica de Cookies - XL Social","isPartOf":{"@id":"https:\/\/www.xlsocial.com\/es\/#website"},"datePublished":"2024-01-31T12:03:09+00:00","dateModified":"2024-05-06T21:13:34+00:00","breadcrumb":{"@id":"https:\/\/www.xlsocial.com\/es\/politica-de-cookies\/#breadcrumb"},"inLanguage":"es","potentialAction":[{"@type":"ReadAction","target":["https:\/\/www.xlsocial.com\/es\/politica-de-cookies\/"]}]},{"@type":"BreadcrumbList","@id":"https:\/\/www.xlsocial.com\/es\/politica-de-cookies\/#breadcrumb","itemListElement":[{"@type":"ListItem","position":1,"name":"Inici","item":"https:\/\/www.xlsocial.com\/es\/inicio\/"},{"@type":"ListItem","position":2,"name":"Pol\u00edtica de Cookies"}]},{"@type":"WebSite","@id":"https:\/\/www.xlsocial.com\/es\/#website","url":"https:\/\/www.xlsocial.com\/es\/","name":"XL Social","description":"XL Social","publisher":{"@id":"https:\/\/www.xlsocial.com\/es\/#organization"},"potentialAction":[{"@type":"SearchAction","target":{"@type":"EntryPoint","urlTemplate":"https:\/\/www.xlsocial.com\/es\/?s={search_term_string}"},"query-input":{"@type":"PropertyValueSpecification","valueRequired":true,"valueName":"search_term_string"}}],"inLanguage":"es"},{"@type":"Organization","@id":"https:\/\/www.xlsocial.com\/es\/#organization","name":"XL Social","url":"https:\/\/www.xlsocial.com\/es\/","logo":{"@type":"ImageObject","inLanguage":"es","@id":"https:\/\/www.xlsocial.com\/es\/#\/schema\/logo\/image\/","url":"https:\/\/www.xlsocial.com\/wp-content\/uploads\/2024\/02\/xl-social-vertical.png","contentUrl":"https:\/\/www.xlsocial.com\/wp-content\/uploads\/2024\/02\/xl-social-vertical.png","width":300,"height":329,"caption":"XL Social"},"image":{"@id":"https:\/\/www.xlsocial.com\/es\/#\/schema\/logo\/image\/"}}]}},"_links":{"self":[{"href":"https:\/\/www.xlsocial.com\/es\/wp-json\/wp\/v2\/pages\/755","targetHints":{"allow":["GET"]}}],"collection":[{"href":"https:\/\/www.xlsocial.com\/es\/wp-json\/wp\/v2\/pages"}],"about":[{"href":"https:\/\/www.xlsocial.com\/es\/wp-json\/wp\/v2\/types\/page"}],"author":[{"embeddable":true,"href":"https:\/\/www.xlsocial.com\/es\/wp-json\/wp\/v2\/users\/1"}],"replies":[{"embeddable":true,"href":"https:\/\/www.xlsocial.com\/es\/wp-json\/wp\/v2\/comments?post=755"}],"version-history":[{"count":5,"href":"https:\/\/www.xlsocial.com\/es\/wp-json\/wp\/v2\/pages\/755\/revisions"}],"predecessor-version":[{"id":957,"href":"https:\/\/www.xlsocial.com\/es\/wp-json\/wp\/v2\/pages\/755\/revisions\/957"}],"wp:attachment":[{"href":"https:\/\/www.xlsocial.com\/es\/wp-json\/wp\/v2\/media?parent=755"}],"curies":[{"name":"wp","href":"https:\/\/api.w.org\/{rel}","templated":true}]}}